{"id":12,"date":"2016-07-18T02:01:28","date_gmt":"2016-07-18T02:01:28","guid":{"rendered":"http:\/\/www.octavene.com\/?page_id=12"},"modified":"2024-10-18T01:35:03","modified_gmt":"2024-10-18T08:35:03","slug":"presentacion","status":"publish","type":"page","link":"https:\/\/fuellesyempaques.com\/?page_id=12","title":{"rendered":"Productos"},"content":{"rendered":"\n<p>A continuaci\u00f3n algunos de los productos que manejamos:<\/p>\n\n\n\n<figure class=\"wp-block-embed is-type-video is-provider-youtube wp-block-embed-youtube wp-embed-aspect-16-9 wp-has-aspect-ratio\"><div class=\"wp-block-embed__wrapper\">\n<div class='embed-container'><iframe loading=\"lazy\" title=\"FUEMSA\" width=\"1920\" height=\"1080\" src=\"https:\/\/www.youtube.com\/embed\/6Q3k-Ryt0Os?feature=oembed\" frameborder=\"0\" allow=\"accelerometer; autoplay; clipboard-write; encrypted-media; gyroscope; picture-in-picture; web-share\" referrerpolicy=\"strict-origin-when-cross-origin\" allowfullscreen><\/iframe><\/div>\n<\/div><\/figure>\n\n\n\n<div class=\"wp-block-columns is-layout-flex wp-container-core-columns-is-layout-9d6595d7 wp-block-columns-is-layout-flex\">\n<div class=\"wp-block-column is-layout-flow wp-block-column-is-layout-flow\">\n<div class=\"wp-block-group\"><div class=\"wp-block-group__inner-container is-layout-flow wp-block-group-is-layout-flow\">\n<h2 class=\"wp-block-heading\">Juntas espiromet\u00e1licas<\/h2>\n<\/div><\/div>\n\n\n\n<p>a) Con anillo centrador ( 304- 316 )<\/p>\n\n\n\n<p>b) Solo relleno<\/p>\n\n\n\n<p>c) En material de relleno: libre de asbesto, grafito y tefl\u00f3n&nbsp;<\/p>\n\n\n\n<p>d) Juntas enchaquetadas<\/p>\n<\/div>\n\n\n\n<div class=\"wp-block-column is-layout-flow wp-block-column-is-layout-flow\"><div class=\"wp-block-image is-style-rounded\">\n<figure class=\"aligncenter size-medium is-resized\"><a href=\"https:\/\/fuellesyempaques.com\/wp-content\/uploads\/2021\/08\/juntasesp.jpg\"><img loading=\"lazy\" decoding=\"async\" width=\"300\" height=\"300\" src=\"https:\/\/fuellesyempaques.com\/wp-content\/uploads\/2021\/08\/juntasesp-300x300.jpg\" alt=\"Juntas espiromet\u00e1licas\" class=\"wp-image-143\" style=\"width:300px;height:300px\" srcset=\"https:\/\/fuellesyempaques.com\/wp-content\/uploads\/2021\/08\/juntasesp-300x300.jpg 300w, https:\/\/fuellesyempaques.com\/wp-content\/uploads\/2021\/08\/juntasesp-150x150.jpg 150w, https:\/\/fuellesyempaques.com\/wp-content\/uploads\/2021\/08\/juntasesp.jpg 600w\" sizes=\"auto, (max-width: 300px) 100vw, 300px\" \/><\/a><figcaption class=\"wp-element-caption\">Juntas espiromet\u00e1licas<\/figcaption><\/figure>\n<\/div><\/div>\n<\/div>\n\n\n\n<div class=\"wp-block-group\"><div class=\"wp-block-group__inner-container is-layout-flow wp-block-group-is-layout-flow\">\n<div class=\"wp-block-columns is-layout-flex wp-container-core-columns-is-layout-9d6595d7 wp-block-columns-is-layout-flex\">\n<div class=\"wp-block-column is-layout-flow wp-block-column-is-layout-flow\" style=\"flex-basis:50%\">\n<figure class=\"wp-block-gallery has-nested-images columns-2 is-cropped wp-block-gallery-1 is-layout-flex wp-block-gallery-is-layout-flex\">\n<figure class=\"wp-block-image size-large\"><a href=\"https:\/\/fuellesyempaques.com\/wp-content\/uploads\/2021\/08\/Juntasexpelas-1.jpg\"><img loading=\"lazy\" decoding=\"async\" width=\"600\" height=\"450\" data-id=\"145\" src=\"https:\/\/fuellesyempaques.com\/wp-content\/uploads\/2021\/08\/Juntasexpelas-1.jpg\" alt=\"\" class=\"wp-image-145\" srcset=\"https:\/\/fuellesyempaques.com\/wp-content\/uploads\/2021\/08\/Juntasexpelas-1.jpg 600w, https:\/\/fuellesyempaques.com\/wp-content\/uploads\/2021\/08\/Juntasexpelas-1-300x225.jpg 300w\" sizes=\"auto, (max-width: 600px) 100vw, 600px\" \/><\/a><\/figure>\n\n\n\n<figure class=\"wp-block-image size-large\"><a href=\"https:\/\/fuellesyempaques.com\/wp-content\/uploads\/2021\/08\/juntasexpmet.jpg\"><img loading=\"lazy\" decoding=\"async\" width=\"800\" height=\"600\" data-id=\"146\" src=\"https:\/\/fuellesyempaques.com\/wp-content\/uploads\/2021\/08\/juntasexpmet.jpg\" alt=\"\" class=\"wp-image-146\" srcset=\"https:\/\/fuellesyempaques.com\/wp-content\/uploads\/2021\/08\/juntasexpmet.jpg 800w, https:\/\/fuellesyempaques.com\/wp-content\/uploads\/2021\/08\/juntasexpmet-300x225.jpg 300w, https:\/\/fuellesyempaques.com\/wp-content\/uploads\/2021\/08\/juntasexpmet-768x576.jpg 768w\" sizes=\"auto, (max-width: 800px) 100vw, 800px\" \/><\/a><\/figure>\n\n\n\n<figure class=\"wp-block-image size-large\"><a href=\"https:\/\/fuellesyempaques.com\/wp-content\/uploads\/2021\/08\/juntaexptef.jpg\"><img loading=\"lazy\" decoding=\"async\" width=\"900\" height=\"918\" data-id=\"147\" src=\"https:\/\/fuellesyempaques.com\/wp-content\/uploads\/2021\/08\/juntaexptef.jpg\" alt=\"\" class=\"wp-image-147\" srcset=\"https:\/\/fuellesyempaques.com\/wp-content\/uploads\/2021\/08\/juntaexptef.jpg 900w, https:\/\/fuellesyempaques.com\/wp-content\/uploads\/2021\/08\/juntaexptef-294x300.jpg 294w, https:\/\/fuellesyempaques.com\/wp-content\/uploads\/2021\/08\/juntaexptef-768x783.jpg 768w\" sizes=\"auto, (max-width: 900px) 100vw, 900px\" \/><\/a><\/figure>\n\n\n\n<figure class=\"wp-block-image size-large\"><a href=\"https:\/\/fuellesyempaques.com\/wp-content\/uploads\/2021\/08\/fabric.jpg\"><img loading=\"lazy\" decoding=\"async\" width=\"222\" height=\"227\" data-id=\"148\" src=\"https:\/\/fuellesyempaques.com\/wp-content\/uploads\/2021\/08\/fabric.jpg\" alt=\"\" class=\"wp-image-148\"\/><\/a><\/figure>\n<figcaption class=\"blocks-gallery-caption wp-element-caption\">Juntas de Expansi\u00f3n<\/figcaption><\/figure>\n<\/div>\n\n\n\n<div class=\"wp-block-column is-layout-flow wp-block-column-is-layout-flow\" style=\"flex-basis:50%\">\n<h2 class=\"wp-block-heading\">Juntas de Expansi\u00f3n<\/h2>\n\n\n\n<p>a) Elast\u00f3meras (Neopreno, NBR, Viton, Hypalon, Tefl\u00f3n, etc. ) con bridas en acero al carb\u00f3n o en acero inoxidable<\/p>\n\n\n\n<p>b) Met\u00e1licas<\/p>\n\n\n\n<p>c) Tefl\u00f3n (PTFE)<\/p>\n\n\n\n<p>d) Anti vibratorias<\/p>\n\n\n\n<p>e) Tipo Fabric para ductos de aire y\/o gases (succi\u00f3n y\/o descarga)<\/p>\n<\/div>\n<\/div>\n<\/div><\/div>\n\n\n\n<div class=\"wp-block-columns is-layout-flex wp-container-core-columns-is-layout-9d6595d7 wp-block-columns-is-layout-flex\">\n<div class=\"wp-block-column is-layout-flow wp-block-column-is-layout-flow\" style=\"flex-basis:100%\">\n<div class=\"wp-block-columns is-layout-flex wp-container-core-columns-is-layout-9d6595d7 wp-block-columns-is-layout-flex\">\n<div class=\"wp-block-column is-layout-flow wp-block-column-is-layout-flow\" style=\"flex-basis:50%\">\n<h2 class=\"wp-block-heading\">Productos de Fibra de vidrio, s\u00edlica y telas para alta temperatura:<\/h2>\n\n\n\n<p>a) Cord\u00f3n redondo o cuadrado, tejido o torcido<\/p>\n\n\n\n<p>b) Telas para altas temperaturas 500\u00b0 c y hasta 1200\u00b0c<\/p>\n\n\n\n<p>c) Cintas de fibra de vidrio natural y con vermiculita<\/p>\n\n\n\n<p>d) Tela de kevlar aluminizada<\/p>\n\n\n\n<p>e) Tela S\u00edlica, cer\u00e1mica<\/p>\n\n\n\n<p>f) Fabricaci\u00f3n de TAD POLE<\/p>\n\n\n\n<p>g) Manufactura de fuelles o guardas y cubiertas para proteger de altas temperaturas y rebabas<\/p>\n\n\n\n<figure class=\"wp-block-image size-full is-style-rounded\"><a href=\"https:\/\/fuellesyempaques.com\/wp-content\/uploads\/2021\/08\/productos1.jpg\"><img loading=\"lazy\" decoding=\"async\" width=\"393\" height=\"294\" src=\"https:\/\/fuellesyempaques.com\/wp-content\/uploads\/2021\/08\/productos1.jpg\" alt=\"\" class=\"wp-image-151\" srcset=\"https:\/\/fuellesyempaques.com\/wp-content\/uploads\/2021\/08\/productos1.jpg 393w, https:\/\/fuellesyempaques.com\/wp-content\/uploads\/2021\/08\/productos1-300x224.jpg 300w\" sizes=\"auto, (max-width: 393px) 100vw, 393px\" \/><\/a><figcaption class=\"wp-element-caption\">Empaques<\/figcaption><\/figure>\n\n\n\n<div class=\"wp-block-columns is-layout-flex wp-container-core-columns-is-layout-9d6595d7 wp-block-columns-is-layout-flex\">\n<div class=\"wp-block-column is-layout-flow wp-block-column-is-layout-flow\" style=\"flex-basis:100%\">\n<h2 class=\"wp-block-heading\">Empaquetaduras para bombas o v\u00e1lvulas<\/h2>\n\n\n\n<p>a) PTFE, PTFE con aramida, Grafito puro, Grafito con inconel, Fibra Kynol\/PTFE, Flax\/PTFE, Asbesto\/PTFE, Asbesto\/Grafito, Fibras de Carb\u00f3n, etc.<\/p>\n<\/div>\n<\/div>\n\n\n\n<figure class=\"wp-block-image size-full is-style-rounded\"><a href=\"https:\/\/fuellesyempaques.com\/wp-content\/uploads\/2021\/08\/teflongrafito.jpg\"><img loading=\"lazy\" decoding=\"async\" width=\"474\" height=\"274\" src=\"https:\/\/fuellesyempaques.com\/wp-content\/uploads\/2021\/08\/teflongrafito.jpg\" alt=\"\" class=\"wp-image-153\" srcset=\"https:\/\/fuellesyempaques.com\/wp-content\/uploads\/2021\/08\/teflongrafito.jpg 474w, https:\/\/fuellesyempaques.com\/wp-content\/uploads\/2021\/08\/teflongrafito-300x173.jpg 300w\" sizes=\"auto, (max-width: 474px) 100vw, 474px\" \/><\/a><figcaption class=\"wp-element-caption\">Tefl\u00f3n y grafito<\/figcaption><\/figure>\n\n\n\n<p><\/p>\n\n\n\n<h2 class=\"wp-block-heading\">Pl\u00e1sticos de Ingenier\u00eda<\/h2>\n\n\n\n<p>a) Micarta CE, baquelita, Nylamid, PTFE, Policarbonatos, UHMW, Acetal Polipropileno, PVC , Poliuretano, Acr\u00edlicos<\/p>\n\n\n\n<h2 class=\"wp-block-heading\">Reparaci\u00f3n de pistones<\/h2>\n\n\n\n<figure class=\"wp-block-image size-full is-style-rounded\"><a href=\"https:\/\/fuellesyempaques.com\/wp-content\/uploads\/2021\/08\/pistones.jpg\"><img loading=\"lazy\" decoding=\"async\" width=\"474\" height=\"231\" src=\"https:\/\/fuellesyempaques.com\/wp-content\/uploads\/2021\/08\/pistones.jpg\" alt=\"\" class=\"wp-image-155\" srcset=\"https:\/\/fuellesyempaques.com\/wp-content\/uploads\/2021\/08\/pistones.jpg 474w, https:\/\/fuellesyempaques.com\/wp-content\/uploads\/2021\/08\/pistones-300x146.jpg 300w\" sizes=\"auto, (max-width: 474px) 100vw, 474px\" \/><\/a><\/figure>\n\n\n\n<h2 class=\"wp-block-heading\">Aplicaciones Ep\u00f3xicas<\/h2>\n\n\n\n<p>Ofrecemos instalaci\u00f3n de sistemas polim\u00e9ricos de larga vida y alto desempe\u00f1o para aplicaciones industriales, comerciales e institucionales.<\/p>\n\n\n\n<p>Contamos con la soluci\u00f3n adecuada para su sistema de piso o recubrimiento combinando la m\u00e1s alta tecnolog\u00eda en sistemas polim\u00e9ricos y mano de obra generando la satisfacci\u00f3n total del cliente.<\/p>\n\n\n\n<p>\u00b7 DURABILIDAD<\/p>\n\n\n\n<p>\u00b7 SEGURIDAD<\/p>\n\n\n\n<p>\u00b7 ALTA RESISTECIA MECANICA, QUIMICA, TERMICA<\/p>\n\n\n\n<p>\u00b7 AREAS LIMPIAS, ASEPTICAS, ANTIDERRAPANTES<\/p>\n\n\n\n<p>\u00b7 CONTROL DE ESTATICA, SISTEMAS CONDUCTIVOS, DISIPATIVOS<\/p>\n\n\n\n<p>\u00b7 ALTA RESISTENCIA A LA ABRASI\u00d3N<\/p>\n\n\n\n<p>\u00b7 ALTA RESISTENCIA AL TR\u00c1FICO INTENSO, PEATONAL Y VEHICULAR<\/p>\n<\/div>\n\n\n\n<div class=\"wp-block-column is-layout-flow wp-block-column-is-layout-flow\" style=\"flex-basis:50%\">\n<figure class=\"wp-block-image size-full is-style-rounded\"><a href=\"https:\/\/fuellesyempaques.com\/wp-content\/uploads\/2021\/08\/cintafibra.jpg\"><img loading=\"lazy\" decoding=\"async\" width=\"474\" height=\"316\" src=\"https:\/\/fuellesyempaques.com\/wp-content\/uploads\/2021\/08\/cintafibra.jpg\" alt=\"\" class=\"wp-image-150\" srcset=\"https:\/\/fuellesyempaques.com\/wp-content\/uploads\/2021\/08\/cintafibra.jpg 474w, https:\/\/fuellesyempaques.com\/wp-content\/uploads\/2021\/08\/cintafibra-300x200.jpg 300w\" sizes=\"auto, (max-width: 474px) 100vw, 474px\" \/><\/a><\/figure>\n\n\n\n<h2 class=\"wp-block-heading\">Empaques moldeados y suajeados (sobre muestras y\/o especificaciones)<\/h2>\n\n\n\n<p>a) SBR, NBR, Viton, Hypalon, Tefl\u00f3n, hule enlonado silic\u00f3n, Nitrilo grado alimenticio<\/p>\n\n\n\n<p>b) Fabricaci\u00f3n de chevrones para pistones, O ring , tipo \u201cU\u201c<\/p>\n\n\n\n<p>c) Empaques cortados tipo anillo (RF) y cara llena (FF) en<br>di\u00e1metros nominales o sobre dibujos<\/p>\n\n\n\n<p>d) Sellos Hidr\u00e1ulicos o <em>rings<\/em>, cordones extruidos, perfiles para puerta <\/p>\n\n\n\n<figure class=\"wp-block-image size-full is-style-rounded\"><a href=\"https:\/\/fuellesyempaques.com\/wp-content\/uploads\/2021\/08\/empaquetaduras.jpg\"><img loading=\"lazy\" decoding=\"async\" width=\"474\" height=\"316\" src=\"https:\/\/fuellesyempaques.com\/wp-content\/uploads\/2021\/08\/empaquetaduras.jpg\" alt=\"\" class=\"wp-image-152\" srcset=\"https:\/\/fuellesyempaques.com\/wp-content\/uploads\/2021\/08\/empaquetaduras.jpg 474w, https:\/\/fuellesyempaques.com\/wp-content\/uploads\/2021\/08\/empaquetaduras-300x200.jpg 300w\" sizes=\"auto, (max-width: 474px) 100vw, 474px\" \/><\/a><\/figure>\n\n\n\n<h2 class=\"wp-block-heading\">Productos de tefl\u00f3n y grafito<\/h2>\n\n\n\n<p>a) Cinta de tefl\u00f3n expandido con adhesivo<\/p>\n\n\n\n<p>b) L\u00e1minas de tefl\u00f3n expandido<br>c) Cinta de tefl\u00f3n<\/p>\n\n\n\n<p>d) Lamina de grafito puro o con inserto de l\u00e1mina perforada ss316<\/p>\n\n\n\n<p>e) Cinta de grafito lisa, corrugada con adhesivo y sin<\/p>\n\n\n\n<figure class=\"wp-block-image size-full is-style-rounded\"><a href=\"https:\/\/fuellesyempaques.com\/wp-content\/uploads\/2021\/08\/policar.jpg\"><img loading=\"lazy\" decoding=\"async\" width=\"382\" height=\"340\" src=\"https:\/\/fuellesyempaques.com\/wp-content\/uploads\/2021\/08\/policar.jpg\" alt=\"\" class=\"wp-image-154\" srcset=\"https:\/\/fuellesyempaques.com\/wp-content\/uploads\/2021\/08\/policar.jpg 382w, https:\/\/fuellesyempaques.com\/wp-content\/uploads\/2021\/08\/policar-300x267.jpg 300w\" sizes=\"auto, (max-width: 382px) 100vw, 382px\" \/><\/a><\/figure>\n\n\n\n<figure class=\"wp-block-image size-full is-style-rounded\"><a href=\"https:\/\/fuellesyempaques.com\/wp-content\/uploads\/2021\/08\/descarga.jpg\"><img loading=\"lazy\" decoding=\"async\" width=\"600\" height=\"450\" src=\"https:\/\/fuellesyempaques.com\/wp-content\/uploads\/2021\/08\/descarga.jpg\" alt=\"\" class=\"wp-image-199\" srcset=\"https:\/\/fuellesyempaques.com\/wp-content\/uploads\/2021\/08\/descarga.jpg 600w, https:\/\/fuellesyempaques.com\/wp-content\/uploads\/2021\/08\/descarga-300x225.jpg 300w\" sizes=\"auto, (max-width: 600px) 100vw, 600px\" \/><\/a><\/figure>\n\n\n\n<figure class=\"wp-block-image size-full is-style-rounded\"><a href=\"https:\/\/fuellesyempaques.com\/wp-content\/uploads\/2021\/08\/descarga-1.jpg\"><img loading=\"lazy\" decoding=\"async\" width=\"474\" height=\"355\" src=\"https:\/\/fuellesyempaques.com\/wp-content\/uploads\/2021\/08\/descarga-1.jpg\" alt=\"\" class=\"wp-image-200\" srcset=\"https:\/\/fuellesyempaques.com\/wp-content\/uploads\/2021\/08\/descarga-1.jpg 474w, https:\/\/fuellesyempaques.com\/wp-content\/uploads\/2021\/08\/descarga-1-300x225.jpg 300w\" sizes=\"auto, (max-width: 474px) 100vw, 474px\" \/><\/a><\/figure>\n<\/div>\n<\/div>\n<\/div>\n<\/div>\n\n\n\n<p><\/p>\n","protected":false},"excerpt":{"rendered":"<p>A continuaci\u00f3n algunos de los productos que manejamos: Juntas espiromet\u00e1licas a) Con anillo centrador ( 304- 316 ) b) Solo relleno c) En material de relleno: libre de asbesto, grafito y tefl\u00f3n&nbsp; d) Juntas enchaquetadas Juntas de Expansi\u00f3n a) Elast\u00f3meras (Neopreno, NBR, Viton, Hypalon, Tefl\u00f3n, etc. ) con bridas en acero al carb\u00f3n o en&hellip; <br \/> <a class=\"read-more\" href=\"https:\/\/fuellesyempaques.com\/?page_id=12\">Leer m\u00e1s<\/a><\/p>\n","protected":false},"author":1,"featured_media":44,"parent":0,"menu_order":0,"comment_status":"closed","ping_status":"closed","template":"","meta":{"footnotes":""},"class_list":["post-12","page","type-page","status-publish","has-post-thumbnail","hentry"],"_links":{"self":[{"href":"https:\/\/fuellesyempaques.com\/index.php?rest_route=\/wp\/v2\/pages\/12","targetHints":{"allow":["GET"]}}],"collection":[{"href":"https:\/\/fuellesyempaques.com\/index.php?rest_route=\/wp\/v2\/pages"}],"about":[{"href":"https:\/\/fuellesyempaques.com\/index.php?rest_route=\/wp\/v2\/types\/page"}],"author":[{"embeddable":true,"href":"https:\/\/fuellesyempaques.com\/index.php?rest_route=\/wp\/v2\/users\/1"}],"replies":[{"embeddable":true,"href":"https:\/\/fuellesyempaques.com\/index.php?rest_route=%2Fwp%2Fv2%2Fcomments&post=12"}],"version-history":[{"count":11,"href":"https:\/\/fuellesyempaques.com\/index.php?rest_route=\/wp\/v2\/pages\/12\/revisions"}],"predecessor-version":[{"id":233,"href":"https:\/\/fuellesyempaques.com\/index.php?rest_route=\/wp\/v2\/pages\/12\/revisions\/233"}],"wp:featuredmedia":[{"embeddable":true,"href":"https:\/\/fuellesyempaques.com\/index.php?rest_route=\/wp\/v2\/media\/44"}],"wp:attachment":[{"href":"https:\/\/fuellesyempaques.com\/index.php?rest_route=%2Fwp%2Fv2%2Fmedia&parent=12"}],"curies":[{"name":"wp","href":"https:\/\/api.w.org\/{rel}","templated":true}]}}