{"id":162,"date":"2021-08-06T15:47:25","date_gmt":"2021-08-06T22:47:25","guid":{"rendered":"http:\/\/fuellesyempaques.com\/?page_id=162"},"modified":"2025-10-10T23:00:14","modified_gmt":"2025-10-11T06:00:14","slug":"conocenos","status":"publish","type":"page","link":"https:\/\/fuellesyempaques.com\/","title":{"rendered":"Con\u00f3cenos"},"content":{"rendered":"\n<h2 class=\"wp-block-heading\">Manufactura de Productos Especializados<\/h2>\n\n\n\n<div class=\"wp-block-group\"><div class=\"wp-block-group__inner-container is-layout-constrained wp-block-group-is-layout-constrained\">\n<div class=\"wp-block-columns is-layout-flex wp-container-core-columns-is-layout-9d6595d7 wp-block-columns-is-layout-flex\">\n<div class=\"wp-block-column is-layout-flow wp-block-column-is-layout-flow\" style=\"flex-basis:33.33%\">\n<p class=\"has-medium-font-size\">Desde&nbsp;<strong>2010<\/strong>, en&nbsp;<strong>Fuelles y Empaques Industriales, S.A. de C.V. (FUEMSA)<\/strong>&nbsp;hemos sido un proveedor confiable para los exigentes mercados industriales del norte de M\u00e9xico.<\/p>\n\n\n\n<p class=\"has-medium-font-size\">Somos una <strong>empresa mexicana<\/strong> cuya <strong>misi\u00f3n<\/strong> es: <\/p>\n\n\n\n<p class=\"has-medium-font-size\">\u00abO<em>frecer&nbsp;<strong>soluciones avanzadas<\/strong>&nbsp;para&nbsp;<strong>sellado de fluidos, expansi\u00f3n, control de vibraciones<\/strong>&nbsp;y&nbsp;<strong>aplicaciones de alta temperatura y alta presi\u00f3n<\/strong>, respaldadas por calidad, innovaci\u00f3n y experiencia t\u00e9cnica.\u00bb<\/em><\/p>\n<\/div>\n\n\n\n<div class=\"wp-block-column is-layout-flow wp-block-column-is-layout-flow\" style=\"flex-basis:66.66%\">\n<figure class=\"wp-block-image size-large\"><a href=\"https:\/\/fuellesyempaques.com\/wp-content\/uploads\/2021\/08\/source-3389509_1920.jpg\"><img loading=\"lazy\" decoding=\"async\" width=\"1024\" height=\"683\" src=\"https:\/\/fuellesyempaques.com\/wp-content\/uploads\/2021\/08\/source-3389509_1920-1024x683.jpg\" alt=\"Fundidora Monterrey\" class=\"wp-image-139\" srcset=\"https:\/\/fuellesyempaques.com\/wp-content\/uploads\/2021\/08\/source-3389509_1920-1024x683.jpg 1024w, https:\/\/fuellesyempaques.com\/wp-content\/uploads\/2021\/08\/source-3389509_1920-300x200.jpg 300w, https:\/\/fuellesyempaques.com\/wp-content\/uploads\/2021\/08\/source-3389509_1920-768x512.jpg 768w, https:\/\/fuellesyempaques.com\/wp-content\/uploads\/2021\/08\/source-3389509_1920-1536x1024.jpg 1536w, https:\/\/fuellesyempaques.com\/wp-content\/uploads\/2021\/08\/source-3389509_1920-1620x1080.jpg 1620w, https:\/\/fuellesyempaques.com\/wp-content\/uploads\/2021\/08\/source-3389509_1920.jpg 1920w\" sizes=\"auto, (max-width: 1024px) 100vw, 1024px\" \/><\/a><\/figure>\n<\/div>\n<\/div>\n<\/div><\/div>\n\n\n\n<div class=\"wp-block-columns is-layout-flex wp-container-core-columns-is-layout-9d6595d7 wp-block-columns-is-layout-flex\">\n<div class=\"wp-block-column is-layout-flow wp-block-column-is-layout-flow\" style=\"flex-basis:100%\">\n<div class=\"wp-block-columns is-layout-flex wp-container-core-columns-is-layout-9d6595d7 wp-block-columns-is-layout-flex\">\n<div class=\"wp-block-column is-layout-flow wp-block-column-is-layout-flow\" style=\"flex-basis:100%\">\n<div class=\"wp-block-columns is-layout-flex wp-container-core-columns-is-layout-9d6595d7 wp-block-columns-is-layout-flex\">\n<div class=\"wp-block-column is-layout-flow wp-block-column-is-layout-flow\" style=\"flex-basis:50%\">\n<figure class=\"wp-block-image size-full\"><a href=\"https:\/\/fuellesyempaques.com\/wp-content\/uploads\/2021\/08\/juntasesp.jpg\"><img loading=\"lazy\" decoding=\"async\" width=\"600\" height=\"600\" src=\"https:\/\/fuellesyempaques.com\/wp-content\/uploads\/2021\/08\/juntasesp.jpg\" alt=\"\" class=\"wp-image-143\" srcset=\"https:\/\/fuellesyempaques.com\/wp-content\/uploads\/2021\/08\/juntasesp.jpg 600w, https:\/\/fuellesyempaques.com\/wp-content\/uploads\/2021\/08\/juntasesp-300x300.jpg 300w, https:\/\/fuellesyempaques.com\/wp-content\/uploads\/2021\/08\/juntasesp-150x150.jpg 150w\" sizes=\"auto, (max-width: 600px) 100vw, 600px\" \/><\/a><\/figure>\n<\/div>\n\n\n\n<div class=\"wp-block-column is-layout-flow wp-block-column-is-layout-flow\" style=\"flex-basis:50%\">\n<p class=\"has-medium-font-size\">Lo que nos distingue<\/p>\n\n\n\n<ul class=\"wp-block-list has-medium-font-size\">\n<li><strong>Soluciones de sellado a la medida<\/strong>, dise\u00f1adas para condiciones cr\u00edticas y desafiantes.<\/li>\n<\/ul>\n\n\n\n<ul class=\"wp-block-list has-medium-font-size\">\n<li><strong>Productos de alto rendimiento<\/strong>, fabricados bajo estrictos est\u00e1ndares de calidad.<\/li>\n<\/ul>\n\n\n\n<ul class=\"wp-block-list has-medium-font-size\">\n<li><strong>Soporte t\u00e9cnico \u00e1gil<\/strong>, adaptado a las necesidades de cada cliente.<\/li>\n<\/ul>\n<\/div>\n<\/div>\n<\/div>\n<\/div>\n<\/div>\n<\/div>\n\n\n\n<hr class=\"wp-block-separator has-alpha-channel-opacity\"\/>\n\n\n\n<p class=\"has-large-font-size\">Soluciones de Sellado de Alto Desempe\u00f1o<\/p>\n\n\n\n<p class=\"has-medium-font-size\">Hoy en d\u00eda la demanda de nuestros productos es a nivel nacional y con mayores requerimientos de calidad y desempe\u00f1o por lo que hemos buscado fortalecernos con <a href=\"https:\/\/fuellesyempaques.com\/?page_id=242\">alianzas<\/a>.<\/p>\n\n\n\n<div class=\"wp-block-columns is-layout-flex wp-container-core-columns-is-layout-9d6595d7 wp-block-columns-is-layout-flex\">\n<div class=\"wp-block-column is-layout-flow wp-block-column-is-layout-flow\">\n<figure class=\"wp-block-image size-full\"><a href=\"https:\/\/fuellesyempaques.com\/?page_id=242\"><img loading=\"lazy\" decoding=\"async\" width=\"1020\" height=\"1016\" src=\"https:\/\/fuellesyempaques.com\/wp-content\/uploads\/2025\/08\/Durlonalianza.jpg\" alt=\"FUEMSA-DURLON\" class=\"wp-image-251\" srcset=\"https:\/\/fuellesyempaques.com\/wp-content\/uploads\/2025\/08\/Durlonalianza.jpg 1020w, https:\/\/fuellesyempaques.com\/wp-content\/uploads\/2025\/08\/Durlonalianza-300x300.jpg 300w, https:\/\/fuellesyempaques.com\/wp-content\/uploads\/2025\/08\/Durlonalianza-150x150.jpg 150w, https:\/\/fuellesyempaques.com\/wp-content\/uploads\/2025\/08\/Durlonalianza-768x765.jpg 768w\" sizes=\"auto, (max-width: 1020px) 100vw, 1020px\" \/><\/a><\/figure>\n<\/div>\n\n\n\n<div class=\"wp-block-column is-layout-flow wp-block-column-is-layout-flow\">\n<p><\/p>\n\n\n\n<p class=\"has-text-align-left has-medium-font-size\">Como parte de nuestra estrategia de mejora continua, FUEMSA se ha aliado con&nbsp;<strong><a href=\"https:\/\/trianglefluid.com\/\">Triangle Fluid Controls Ltd.<\/a><\/strong>, fabricante de la reconocida marca&nbsp;<strong><a href=\"https:\/\/trianglefluid.com\/durlon-gaskets\/\">DURLON\u00ae<\/a><\/strong>, l\u00edder mundial en tecnolog\u00eda de empaques industriales.<\/p>\n\n\n\n<h3 class=\"wp-block-heading has-medium-font-size\">Certificaciones<\/h3>\n\n\n\n<p class=\"has-medium-font-size\">Sus productos cuentan con certificaciones internacionales como&nbsp;<strong>FDA, BAM, NSF61, API 6FB (4\u00aa edici\u00f3n), API 6FA (3\u00aa edici\u00f3n), DNV-GL, EC 1935\/2004 &amp; EU, USP Clase VI, TA-Luft, ABS, API 607, CRN e ISO 9001<\/strong>, que garantizan el cumplimiento con los m\u00e1s estrictos est\u00e1ndares globales.<\/p>\n<\/div>\n<\/div>\n\n\n\n<div class=\"wp-block-columns is-layout-flex wp-container-core-columns-is-layout-9d6595d7 wp-block-columns-is-layout-flex\">\n<div class=\"wp-block-column is-layout-flow wp-block-column-is-layout-flow\">\n<p><\/p>\n\n\n\n<p class=\"has-medium-font-size\">Por lo que contamos con el respaldo y la asesor\u00eda t\u00e9cnica directa de personal con <strong>experiencia de m\u00e1s de 20 a\u00f1os en el \u00e1rea de la flexibilidad y sellado de fluidos<\/strong>. Como pol\u00edtica de la empresa ya no se manejan materiales peligrosos como los asbestos que, a pesar de no estar prohibidos en el pa\u00eds, su impacto en la salud humana est\u00e1 mas que demostrada. Nuestros expertos ofrecen alternativas a precios muy competitivos.<\/p>\n\n\n\n<h3 class=\"wp-block-heading\">\u00bfListo para optimizar el rendimiento de sus procesos?<\/h3>\n\n\n\n<p><strong>Cont\u00e1ctenos hoy mismo<\/strong>&nbsp;y descubra c\u00f3mo nuestras soluciones pueden garantizar la seguridad, eficiencia y confiabilidad de su operaci\u00f3n.<br><a href=\"https:\/\/fuellesyempaques.com\/?page_id=57\" target=\"_blank\" rel=\"noreferrer noopener\"><strong>Solicitar Cotizaci\u00f3n<\/strong><\/a>&nbsp;|&nbsp;<strong><a href=\"https:\/\/wa.me\/+528110326952\" target=\"_blank\" rel=\"noreferrer noopener\">Hablar con un Asesor<\/a><\/strong><\/p>\n\n\n\n<p><\/p>\n<\/div>\n<\/div>\n\n\n\n<hr class=\"wp-block-separator has-alpha-channel-opacity\"\/>\n\n\n\n<p class=\"has-text-align-center has-small-font-size\"><strong>FUEMSA\u00ae es una marca registrada propiedad de Fuelles y Empaques Industriales S.A. de C.V.,<br>registrada ante el Instituto Mexicano de la Propiedad Industrial (IMPI).<\/strong><\/p>\n\n\n\n<p class=\"has-text-align-center has-small-font-size\">Todos los derechos reservados. Queda prohibido su uso total o parcial sin autorizaci\u00f3n expresa por escrito.<\/p>\n","protected":false},"excerpt":{"rendered":"<p>Manufactura de Productos Especializados Desde&nbsp;2010, en&nbsp;Fuelles y Empaques Industriales, S.A. de C.V. (FUEMSA)&nbsp;hemos sido un proveedor confiable para los exigentes mercados industriales del norte de M\u00e9xico. Somos una empresa mexicana cuya misi\u00f3n es: \u00abOfrecer&nbsp;soluciones avanzadas&nbsp;para&nbsp;sellado de fluidos, expansi\u00f3n, control de vibraciones&nbsp;y&nbsp;aplicaciones de alta temperatura y alta presi\u00f3n, respaldadas por calidad, innovaci\u00f3n y experiencia t\u00e9cnica.\u00bb Lo&hellip; <br \/> <a class=\"read-more\" href=\"https:\/\/fuellesyempaques.com\/\">Leer m\u00e1s<\/a><\/p>\n","protected":false},"author":1,"featured_media":0,"parent":0,"menu_order":0,"comment_status":"closed","ping_status":"closed","template":"","meta":{"footnotes":""},"class_list":["post-162","page","type-page","status-publish","hentry"],"_links":{"self":[{"href":"https:\/\/fuellesyempaques.com\/index.php?rest_route=\/wp\/v2\/pages\/162","targetHints":{"allow":["GET"]}}],"collection":[{"href":"https:\/\/fuellesyempaques.com\/index.php?rest_route=\/wp\/v2\/pages"}],"about":[{"href":"https:\/\/fuellesyempaques.com\/index.php?rest_route=\/wp\/v2\/types\/page"}],"author":[{"embeddable":true,"href":"https:\/\/fuellesyempaques.com\/index.php?rest_route=\/wp\/v2\/users\/1"}],"replies":[{"embeddable":true,"href":"https:\/\/fuellesyempaques.com\/index.php?rest_route=%2Fwp%2Fv2%2Fcomments&post=162"}],"version-history":[{"count":29,"href":"https:\/\/fuellesyempaques.com\/index.php?rest_route=\/wp\/v2\/pages\/162\/revisions"}],"predecessor-version":[{"id":289,"href":"https:\/\/fuellesyempaques.com\/index.php?rest_route=\/wp\/v2\/pages\/162\/revisions\/289"}],"wp:attachment":[{"href":"https:\/\/fuellesyempaques.com\/index.php?rest_route=%2Fwp%2Fv2%2Fmedia&parent=162"}],"curies":[{"name":"wp","href":"https:\/\/api.w.org\/{rel}","templated":true}]}}